{"id":3662,"date":"2025-11-04T05:21:58","date_gmt":"2025-11-04T05:21:58","guid":{"rendered":"https:\/\/staging-prod-va.cdcndevelopment.com\/?page_id=3662"},"modified":"2026-01-26T19:58:01","modified_gmt":"2026-01-26T19:58:01","slug":"training-schedule","status":"publish","type":"page","link":"https:\/\/www.consumerdirectva.com\/es\/training-schedule\/","title":{"rendered":"Calendario de formaci\u00f3n"},"content":{"rendered":"<div data-elementor-type=\"wp-page\" data-elementor-id=\"3662\" class=\"elementor elementor-3662\" data-elementor-post-type=\"page\">\n\t\t\t\t<div class=\"elementor-element elementor-element-920621e e-con-full e-flex e-con e-parent\" data-id=\"920621e\" data-element_type=\"container\" data-settings=\"{&quot;background_background&quot;:&quot;classic&quot;}\">\n\t\t<div class=\"elementor-element elementor-element-a3d58ef e-con-full elementor-hidden-mobile e-flex e-con e-child\" data-id=\"a3d58ef\" data-element_type=\"container\" data-settings=\"{&quot;background_background&quot;:&quot;classic&quot;}\">\n\t\t\t\t<div class=\"elementor-element elementor-element-0e371a7 elementor-widget__width-initial elementor-widget elementor-widget-heading\" data-id=\"0e371a7\" data-element_type=\"widget\" data-widget_type=\"heading.default\">\n\t\t\t\t<div class=\"elementor-widget-container\">\n\t\t\t\t\t<h1 class=\"elementor-heading-title elementor-size-default\"><mark>Calendario de formaci\u00f3n<\/mark><\/h1>\t\t\t\t<\/div>\n\t\t\t\t<\/div>\n\t\t\t\t<\/div>\n\t\t<div class=\"elementor-element elementor-element-242d3d1 elementor-hidden-desktop elementor-hidden-tablet e-flex e-con-boxed e-con e-child\" data-id=\"242d3d1\" data-element_type=\"container\">\n\t\t\t\t\t<div class=\"e-con-inner\">\n\t\t\t\t<div class=\"elementor-element elementor-element-a1081d1 elementor-widget__width-initial elementor-widget elementor-widget-heading\" data-id=\"a1081d1\" data-element_type=\"widget\" data-widget_type=\"heading.default\">\n\t\t\t\t<div class=\"elementor-widget-container\">\n\t\t\t\t\t<h1 class=\"elementor-heading-title elementor-size-default\"><mark>Calendario de formaci\u00f3n<\/mark><\/h1>\t\t\t\t<\/div>\n\t\t\t\t<\/div>\n\t\t\t\t<div class=\"elementor-element elementor-element-e9369ed elementor-widget-mobile__width-inherit elementor-widget elementor-widget-image\" data-id=\"e9369ed\" data-element_type=\"widget\" data-widget_type=\"image.default\">\n\t\t\t\t<div class=\"elementor-widget-container\">\n\t\t\t\t\t\t\t\t\t\t\t\t\t\t\t<img decoding=\"async\" src=\"https:\/\/www.consumerdirectva.com\/wp-content\/uploads\/sites\/16\/2025\/09\/Leave-A-Review-Banner-Mobile.png\" title=\"\" alt=\"\" loading=\"lazy\" \/>\t\t\t\t\t\t\t\t\t\t\t\t\t\t\t<\/div>\n\t\t\t\t<\/div>\n\t\t\t\t\t<\/div>\n\t\t\t\t<\/div>\n\t\t\t\t<\/div>\n\t\t<div class=\"elementor-element elementor-element-12ea375 e-flex e-con-boxed e-con e-parent\" data-id=\"12ea375\" data-element_type=\"container\" data-settings=\"{&quot;background_background&quot;:&quot;classic&quot;}\">\n\t\t\t\t\t<div class=\"e-con-inner\">\n\t\t\t\t<div class=\"elementor-element elementor-element-5e5667b elementor-widget elementor-widget-heading\" data-id=\"5e5667b\" data-element_type=\"widget\" data-widget_type=\"heading.default\">\n\t\t\t\t<div class=\"elementor-widget-container\">\n\t\t\t\t\t<h4 class=\"elementor-heading-title elementor-size-default\">OPORTUNIDADES DE FORMACI\u00d3N VIRTUAL<\/h4>\t\t\t\t<\/div>\n\t\t\t\t<\/div>\n\t\t\t\t<div class=\"elementor-element elementor-element-cc19517 elementor-widget elementor-widget-heading\" data-id=\"cc19517\" data-element_type=\"widget\" data-widget_type=\"heading.default\">\n\t\t\t\t<div class=\"elementor-widget-container\">\n\t\t\t\t\t<p class=\"elementor-heading-title elementor-size-default\">Consumer Direct Care Network Virginia (CDVA) ofrece formaci\u00f3n virtual desde su casa u oficina dise\u00f1ada para su funci\u00f3n y necesidades.\nAmpl\u00ede cada oportunidad de formaci\u00f3n para encontrar informaci\u00f3n general, asistentes recomendados, enlaces al centro de formaci\u00f3n y pr\u00f3ximas fechas.<\/p>\t\t\t\t<\/div>\n\t\t\t\t<\/div>\n\t\t\t\t<div class=\"elementor-element elementor-element-abd6f5d elementor-widget elementor-widget-heading\" data-id=\"abd6f5d\" data-element_type=\"widget\" data-widget_type=\"heading.default\">\n\t\t\t\t<div class=\"elementor-widget-container\">\n\t\t\t\t\t<h6 class=\"elementor-heading-title elementor-size-default\">PR\u00d3XIMO CALENDARIO DE FORMACI\u00d3N<\/h6>\t\t\t\t<\/div>\n\t\t\t\t<\/div>\n\t\t\t\t<div class=\"elementor-element elementor-element-cbc4501 dark-accordion elementor-widget elementor-widget-n-accordion\" data-id=\"cbc4501\" data-element_type=\"widget\" data-settings=\"{&quot;default_state&quot;:&quot;all_collapsed&quot;,&quot;max_items_expended&quot;:&quot;one&quot;,&quot;n_accordion_animation_duration&quot;:{&quot;unit&quot;:&quot;ms&quot;,&quot;size&quot;:400,&quot;sizes&quot;:[]}}\" data-widget_type=\"nested-accordion.default\">\n\t\t\t\t<div class=\"elementor-widget-container\">\n\t\t\t\t\t\t\t<div class=\"e-n-accordion\" aria-label=\"Acorde\u00f3n. Abra los enlaces con Intro o Espacio, ci\u00e9rrelos con Escape y navegue con las teclas de flecha.\">\n\t\t\t\t\t\t<details id=\"e-n-accordion-item-2130\" class=\"e-n-accordion-item\" >\n\t\t\t\t<summary class=\"e-n-accordion-item-title\" data-accordion-index=\"1\" tabindex=\"0\" aria-expanded=\"false\" aria-controls=\"e-n-accordion-item-2130\" >\n\t\t\t\t\t<span class='e-n-accordion-item-title-header'><div class=\"e-n-accordion-item-title-text\"> Formaci\u00f3n virtual del portal web DirectMyCare <\/div><\/span>\n\t\t\t\t\t\t\t<span class='e-n-accordion-item-title-icon'>\n\t\t\t<span class='e-opened' ><svg xmlns=\"http:\/\/www.w3.org\/2000\/svg\" width=\"48\" height=\"48\" viewbox=\"0 0 48 48\" fill=\"none\"><circle cx=\"24\" cy=\"24\" r=\"24\" fill=\"white\"><\/circle><path fill-rule=\"evenodd\" clip-rule=\"evenodd\" d=\"M33.5282 24.0156C33.5282 24.4989 33.1364 24.8906 32.6532 24.8906L15.3741 24.8906C14.8908 24.8906 14.4991 24.4989 14.4991 24.0156C14.4991 23.5324 14.8908 23.1406 15.3741 23.1406L32.6532 23.1406C33.1364 23.1406 33.5282 23.5324 33.5282 24.0156Z\" fill=\"#003764\"><\/path><\/svg><\/span>\n\t\t\t<span class='e-closed'><svg xmlns=\"http:\/\/www.w3.org\/2000\/svg\" width=\"48\" height=\"48\" viewbox=\"0 0 48 48\" fill=\"none\"><circle cx=\"24\" cy=\"24\" r=\"24\" fill=\"white\"><\/circle><path fill-rule=\"evenodd\" clip-rule=\"evenodd\" d=\"M24.8614 15.3448C24.8614 14.8616 24.4696 14.4698 23.9864 14.4698C23.5031 14.4698 23.1114 14.8616 23.1114 15.3448L23.1114 23.1093L15.3469 23.1093C14.8637 23.1093 14.4719 23.501 14.4719 23.9843C14.4719 24.4675 14.8637 24.8593 15.3469 24.8593L23.1114 24.8593L23.1114 32.6239C23.1114 33.1072 23.5031 33.4989 23.9864 33.4989C24.4696 33.4989 24.8614 33.1072 24.8614 32.6239L24.8614 24.8593L32.626 24.8593C33.1093 24.8593 33.501 24.4675 33.501 23.9843C33.501 23.501 33.1093 23.1093 32.626 23.1093L24.8614 23.1093L24.8614 15.3448Z\" fill=\"#003764\"><\/path><\/svg><\/span>\n\t\t<\/span>\n\n\t\t\t\t\t\t<\/summary>\n\t\t\t\t<div role=\"region\" aria-labelledby=\"e-n-accordion-item-2130\" class=\"elementor-element elementor-element-19715b1 e-con-full e-flex e-con e-child\" data-id=\"19715b1\" data-element_type=\"container\">\n\t\t<div role=\"region\" aria-labelledby=\"e-n-accordion-item-2130\" class=\"elementor-element elementor-element-b7f7b9b accordion-content e-flex e-con-boxed e-con e-child\" data-id=\"b7f7b9b\" data-element_type=\"container\">\n\t\t\t\t\t<div class=\"e-con-inner\">\n\t\t\t\t<div class=\"elementor-element elementor-element-1e88057 elementor-widget elementor-widget-text-editor\" data-id=\"1e88057\" data-element_type=\"widget\" data-widget_type=\"text-editor.default\">\n\t\t\t\t<div class=\"elementor-widget-container\">\n\t\t\t\t\t\t\t\t\t<p>Service Facilitator Web Portal Training 30 de diciembre, 5 de enero y 12 de enero a las 10h.\u00a0<\/p><div><span dir=\"ltr\"><strong>Formaci\u00f3n sobre el portal web para facilitadores de servicios<\/strong><\/span><\/div><div dir=\"ltr\">30 de diciembre a las 10.00 horas<\/div><div dir=\"ltr\"><div dir=\"ltr\"><span dir=\"ltr\"><strong dir=\"ltr\">Microsoft Teams<\/strong><\/span>\u00a0<a dir=\"ltr\" title=\"https:\/\/aka.ms\/jointeamsmeeting?omkt=en-us\" href=\"https:\/\/aka.ms\/JoinTeamsMeeting?omkt=en-US\" target=\"_blank\" rel=\"noopener noreferrer\"><span dir=\"ltr\">\u00bfNecesita ayuda?<\/span><\/a><\/div><div dir=\"ltr\"><a dir=\"ltr\" title=\"https:\/\/teams.microsoft.com\/l\/meetup-join\/19%3ameeting_njm3mwzjztitmzrlns00ywq3ltk4mtmtmwrmngq3mzuwy2ri%40thread.v2\/0?context=%7b%22tid%22%3a%22922204d6-a4c0-4f46-b43d-21348c1bdc3b%22%2c%22oid%22%3a%229b1872da-8cce-4100-8108-17dc52aa9488%22%7d\" href=\"https:\/\/teams.microsoft.com\/l\/meetup-join\/19:meeting_NjM3MWZjZTItMzRlNS00YWQ3LTk4MTMtMWRmNGQ3MzUwY2Ri%40thread.v2\/0?context=%7b%22Tid%22:%22922204d6-a4c0-4f46-b43d-21348c1bdc3b%22%2c%22Oid%22:%229b1872da-8cce-4100-8108-17dc52aa9488%22%7d\" target=\"_blank\" rel=\"noopener noreferrer\"><span dir=\"ltr\"><strong dir=\"ltr\">Participe ahora en la reuni\u00f3n<\/strong><\/span><\/a><\/div><div dir=\"ltr\"><span dir=\"ltr\">Reuni\u00f3n ID: 224 426 269 312 83<\/span><\/div><div dir=\"ltr\"><span dir=\"ltr\">C\u00f3digo de acceso: eU2G977V<\/span>\u00a0<\/div><\/div><div dir=\"ltr\">\u00a0<\/div><div><span dir=\"ltr\"><strong>Formaci\u00f3n sobre el portal web para facilitadores de servicios<\/strong><\/span><\/div><div dir=\"ltr\">5 de enero a las 10h.<\/div><div dir=\"ltr\"><div dir=\"ltr\"><span dir=\"ltr\"><strong dir=\"ltr\">Microsoft Teams<\/strong><\/span>\u00a0<a dir=\"ltr\" title=\"https:\/\/aka.ms\/jointeamsmeeting?omkt=en-us\" href=\"https:\/\/aka.ms\/JoinTeamsMeeting?omkt=en-US\" target=\"_blank\" rel=\"noopener noreferrer\"><span dir=\"ltr\">\u00bfNecesita ayuda?<\/span><\/a><\/div><div dir=\"ltr\"><a dir=\"ltr\" title=\"https:\/\/teams.microsoft.com\/l\/meetup-join\/19%3ameeting_njm3mwzjztitmzrlns00ywq3ltk4mtmtmwrmngq3mzuwy2ri%40thread.v2\/0?context=%7b%22tid%22%3a%22922204d6-a4c0-4f46-b43d-21348c1bdc3b%22%2c%22oid%22%3a%229b1872da-8cce-4100-8108-17dc52aa9488%22%7d\" href=\"https:\/\/teams.microsoft.com\/l\/meetup-join\/19:meeting_NjM3MWZjZTItMzRlNS00YWQ3LTk4MTMtMWRmNGQ3MzUwY2Ri%40thread.v2\/0?context=%7b%22Tid%22:%22922204d6-a4c0-4f46-b43d-21348c1bdc3b%22%2c%22Oid%22:%229b1872da-8cce-4100-8108-17dc52aa9488%22%7d\" target=\"_blank\" rel=\"noopener noreferrer\"><span dir=\"ltr\"><strong dir=\"ltr\">Participe ahora en la reuni\u00f3n<\/strong><\/span><\/a><\/div><div dir=\"ltr\"><span dir=\"ltr\">Reuni\u00f3n ID: 224 426 269 312 83<\/span><\/div><div dir=\"ltr\"><span dir=\"ltr\">C\u00f3digo de acceso: eU2G977V<\/span>\u00a0<\/div><\/div><div dir=\"ltr\">\u00a0<\/div><div><span dir=\"ltr\"><strong>Formaci\u00f3n sobre el portal web para facilitadores de servicios<\/strong><\/span><\/div><div dir=\"ltr\">12 de enero a las 10h.<\/div><div><div dir=\"ltr\"><span dir=\"ltr\"><strong dir=\"ltr\">Microsoft Teams<\/strong><\/span>\u00a0<a dir=\"ltr\" title=\"https:\/\/aka.ms\/jointeamsmeeting?omkt=en-us\" href=\"https:\/\/aka.ms\/JoinTeamsMeeting?omkt=en-US\" target=\"_blank\" rel=\"noopener noreferrer\"><span dir=\"ltr\">\u00bfNecesita ayuda?<\/span><\/a><\/div><div dir=\"ltr\"><a dir=\"ltr\" title=\"https:\/\/teams.microsoft.com\/l\/meetup-join\/19%3ameeting_njm3mwzjztitmzrlns00ywq3ltk4mtmtmwrmngq3mzuwy2ri%40thread.v2\/0?context=%7b%22tid%22%3a%22922204d6-a4c0-4f46-b43d-21348c1bdc3b%22%2c%22oid%22%3a%229b1872da-8cce-4100-8108-17dc52aa9488%22%7d\" href=\"https:\/\/teams.microsoft.com\/l\/meetup-join\/19:meeting_NjM3MWZjZTItMzRlNS00YWQ3LTk4MTMtMWRmNGQ3MzUwY2Ri%40thread.v2\/0?context=%7b%22Tid%22:%22922204d6-a4c0-4f46-b43d-21348c1bdc3b%22%2c%22Oid%22:%229b1872da-8cce-4100-8108-17dc52aa9488%22%7d\" target=\"_blank\" rel=\"noopener noreferrer\"><span dir=\"ltr\"><strong dir=\"ltr\">Participe ahora en la reuni\u00f3n<\/strong><\/span><\/a><\/div><div dir=\"ltr\"><span dir=\"ltr\">Reuni\u00f3n ID: 224 426 269 312 83<\/span><\/div><div dir=\"ltr\"><span dir=\"ltr\">C\u00f3digo de acceso: eU2G977V<\/span><\/div><div dir=\"ltr\">\u00a0<\/div><div dir=\"ltr\"><div><strong>Formaci\u00f3n sobre el portal web DirectMyCare<\/strong><\/div><div>20 de enero de 2026<\/div><div>10 de la ma\u00f1ana<\/div><div><strong>Microsoft Teams<\/strong>\u00a0<a href=\"https:\/\/aka.ms\/JoinTeamsMeeting?omkt=en-US\" target=\"_blank\" rel=\"noopener noreferrer\">\u00bfNecesita ayuda?<\/a>\u00a0<\/div><div><a title=\"Enlace a la reuni\u00f3n\" href=\"https:\/\/teams.microsoft.com\/l\/meetup-join\/19%3ameeting_ZGU0YmYwOTItMzZmYy00NGQ5LTgwNDgtODNiMGQ3NjJjNWQy%40thread.v2\/0?context=%7b%22Tid%22%3a%22922204d6-a4c0-4f46-b43d-21348c1bdc3b%22%2c%22Oid%22%3a%229b1872da-8cce-4100-8108-17dc52aa9488%22%7d\" target=\"_blank\" rel=\"noopener noreferrer\"><strong>Participe ahora en la reuni\u00f3n<\/strong><\/a>\u00a0<\/div><div>N\u00famero de reuni\u00f3n: 248 703 149 596 85\u00a0<\/div><div>C\u00f3digo de acceso: zN2ku3Hg\u00a0<\/div><div>\u00a0<\/div><div><strong>Pantalla de estado de paquetes Formaci\u00f3n<\/strong><\/div><div>26 de enero<sup>th<\/sup>2 de febrero<sup>nd<\/sup>9 de febrero<sup>th<\/sup><\/div><div>10 de la ma\u00f1ana<\/div><div><strong>Microsoft Teams<\/strong>\u00a0<a href=\"https:\/\/aka.ms\/JoinTeamsMeeting?omkt=en-US\" target=\"_blank\" rel=\"noopener noreferrer\">\u00bfNecesita ayuda?<\/a>\u00a0<\/div><div><a title=\"Enlace a la reuni\u00f3n\" href=\"https:\/\/teams.microsoft.com\/l\/meetup-join\/19%3ameeting_NzQxOTliNjktYjA2MS00MzJiLTg2ZjYtNTdmNDQwY2UwZmZi%40thread.v2\/0?context=%7b%22Tid%22%3a%22922204d6-a4c0-4f46-b43d-21348c1bdc3b%22%2c%22Oid%22%3a%229b1872da-8cce-4100-8108-17dc52aa9488%22%7d\" target=\"_blank\" rel=\"noopener noreferrer\"><strong>Participe ahora en la reuni\u00f3n<\/strong><\/a>\u00a0<\/div><div>N\u00famero de reuni\u00f3n: 220 998 467 432 59\u00a0<\/div><div>C\u00f3digo de acceso: AT7a2xh7\u00a0<\/div><\/div><\/div>\t\t\t\t\t\t\t\t<\/div>\n\t\t\t\t<\/div>\n\t\t\t\t\t<\/div>\n\t\t\t\t<\/div>\n\t\t\t\t<\/div>\n\t\t\t\t\t<\/details>\n\t\t\t\t\t\t<details id=\"e-n-accordion-item-2131\" class=\"e-n-accordion-item\" >\n\t\t\t\t<summary class=\"e-n-accordion-item-title\" data-accordion-index=\"2\" tabindex=\"-1\" aria-expanded=\"false\" aria-controls=\"e-n-accordion-item-2131\" >\n\t\t\t\t\t<span class='e-n-accordion-item-title-header'><div class=\"e-n-accordion-item-title-text\"> Pronto a\u00f1adiremos nuevos eventos y formaciones. <\/div><\/span>\n\t\t\t\t\t\t\t<span class='e-n-accordion-item-title-icon'>\n\t\t\t<span class='e-opened' ><svg xmlns=\"http:\/\/www.w3.org\/2000\/svg\" width=\"48\" height=\"48\" viewbox=\"0 0 48 48\" fill=\"none\"><circle cx=\"24\" cy=\"24\" r=\"24\" fill=\"white\"><\/circle><path fill-rule=\"evenodd\" clip-rule=\"evenodd\" d=\"M33.5282 24.0156C33.5282 24.4989 33.1364 24.8906 32.6532 24.8906L15.3741 24.8906C14.8908 24.8906 14.4991 24.4989 14.4991 24.0156C14.4991 23.5324 14.8908 23.1406 15.3741 23.1406L32.6532 23.1406C33.1364 23.1406 33.5282 23.5324 33.5282 24.0156Z\" fill=\"#003764\"><\/path><\/svg><\/span>\n\t\t\t<span class='e-closed'><svg xmlns=\"http:\/\/www.w3.org\/2000\/svg\" width=\"48\" height=\"48\" viewbox=\"0 0 48 48\" fill=\"none\"><circle cx=\"24\" cy=\"24\" r=\"24\" fill=\"white\"><\/circle><path fill-rule=\"evenodd\" clip-rule=\"evenodd\" d=\"M24.8614 15.3448C24.8614 14.8616 24.4696 14.4698 23.9864 14.4698C23.5031 14.4698 23.1114 14.8616 23.1114 15.3448L23.1114 23.1093L15.3469 23.1093C14.8637 23.1093 14.4719 23.501 14.4719 23.9843C14.4719 24.4675 14.8637 24.8593 15.3469 24.8593L23.1114 24.8593L23.1114 32.6239C23.1114 33.1072 23.5031 33.4989 23.9864 33.4989C24.4696 33.4989 24.8614 33.1072 24.8614 32.6239L24.8614 24.8593L32.626 24.8593C33.1093 24.8593 33.501 24.4675 33.501 23.9843C33.501 23.501 33.1093 23.1093 32.626 23.1093L24.8614 23.1093L24.8614 15.3448Z\" fill=\"#003764\"><\/path><\/svg><\/span>\n\t\t<\/span>\n\n\t\t\t\t\t\t<\/summary>\n\t\t\t\t<div role=\"region\" aria-labelledby=\"e-n-accordion-item-2131\" class=\"elementor-element elementor-element-b403e76 e-con-full e-flex e-con e-child\" data-id=\"b403e76\" data-element_type=\"container\">\n\t\t<div role=\"region\" aria-labelledby=\"e-n-accordion-item-2131\" class=\"elementor-element elementor-element-38d88e2 accordion-content e-flex e-con-boxed e-con e-child\" data-id=\"38d88e2\" data-element_type=\"container\">\n\t\t\t\t\t<div class=\"e-con-inner\">\n\t\t\t\t<div class=\"elementor-element elementor-element-cbc7a9d elementor-widget elementor-widget-heading\" data-id=\"cbc7a9d\" data-element_type=\"widget\" data-widget_type=\"heading.default\">\n\t\t\t\t<div class=\"elementor-widget-container\">\n\t\t\t\t\t<h4 class=\"elementor-heading-title elementor-size-default\">No se pierda este espacio.<\/h4>\t\t\t\t<\/div>\n\t\t\t\t<\/div>\n\t\t\t\t\t<\/div>\n\t\t\t\t<\/div>\n\t\t\t\t<\/div>\n\t\t\t\t\t<\/details>\n\t\t\t\t\t<\/div>\n\t\t\t\t\t\t<\/div>\n\t\t\t\t<\/div>\n\t\t\t\t\t<\/div>\n\t\t\t\t<\/div>\n\t\t\t\t<\/div>","protected":false},"excerpt":{"rendered":"<p>OPORTUNIDADES DE FORMACI\u00d3N VIRTUAL Consumer Direct Care Network Virginia (CDVA) ofrece formaci\u00f3n virtual desde su casa u oficina dise\u00f1ada para su funci\u00f3n y necesidades. Ampl\u00ede cada oportunidad de formaci\u00f3n para encontrar informaci\u00f3n general, asistentes recomendados, enlaces al centro de formaci\u00f3n y pr\u00f3ximas fechas. CALENDARIO DE PR\u00d3XIMAS CAPACITACIONES Portal Web DirectMyCare Capacitaci\u00f3n Virtual Capacitaci\u00f3n del Portal Web para Facilitadores de Servicios 30 de diciembre, [...]<\/p>","protected":false},"author":9,"featured_media":0,"parent":0,"menu_order":0,"comment_status":"closed","ping_status":"closed","template":"","meta":{"_acf_changed":false,"footnotes":""},"class_list":["post-3662","page","type-page","status-publish","hentry"],"acf":[],"yoast_head":"<!-- This site is optimized with the Yoast SEO plugin v26.0 - https:\/\/yoast.com\/wordpress\/plugins\/seo\/ -->\n<title>Training Schedule - Virginia - Consumer Direct Care<\/title>\n<meta name=\"robots\" content=\"index, follow, max-snippet:-1, max-image-preview:large, max-video-preview:-1\" \/>\n<link rel=\"canonical\" href=\"https:\/\/www.consumerdirectva.com\/es\/training-schedule\/\" \/>\n<meta property=\"og:locale\" content=\"es_ES\" \/>\n<meta property=\"og:type\" content=\"article\" \/>\n<meta property=\"og:title\" content=\"Training Schedule - Virginia - Consumer Direct Care\" \/>\n<meta property=\"og:description\" content=\"VIRTUAL TRAINING OPPORTUNITIES Consumer Direct Care Network Virginia (CDVA) offers virtual training from your home or office designed for your role and needs. Expand each training opportunity to find overviews, recommended attendees, links to the training center, and upcoming dates. UPCOMING TRAINING SCHEDULE DirectMyCare Web Portal Virtual Training Service Facilitator Web Portal Training December 30th, [&hellip;]\" \/>\n<meta property=\"og:url\" content=\"https:\/\/www.consumerdirectva.com\/es\/training-schedule\/\" \/>\n<meta property=\"og:site_name\" content=\"Virginia - Consumer Direct Care\" \/>\n<meta property=\"article:modified_time\" content=\"2026-01-26T19:58:01+00:00\" \/>\n<meta name=\"twitter:card\" content=\"summary_large_image\" \/>\n<meta name=\"twitter:label1\" content=\"Tiempo de lectura\" \/>\n\t<meta name=\"twitter:data1\" content=\"2 minutos\" \/>\n<script type=\"application\/ld+json\" class=\"yoast-schema-graph\">{\"@context\":\"https:\/\/schema.org\",\"@graph\":[{\"@type\":\"WebPage\",\"@id\":\"https:\/\/www.consumerdirectva.com\/training-schedule\/\",\"url\":\"https:\/\/www.consumerdirectva.com\/training-schedule\/\",\"name\":\"Training Schedule - Virginia - Consumer Direct Care\",\"isPartOf\":{\"@id\":\"https:\/\/www.consumerdirectva.com\/#website\"},\"datePublished\":\"2025-11-04T05:21:58+00:00\",\"dateModified\":\"2026-01-26T19:58:01+00:00\",\"breadcrumb\":{\"@id\":\"https:\/\/www.consumerdirectva.com\/training-schedule\/#breadcrumb\"},\"inLanguage\":\"es\",\"potentialAction\":[{\"@type\":\"ReadAction\",\"target\":[\"https:\/\/www.consumerdirectva.com\/training-schedule\/\"]}]},{\"@type\":\"BreadcrumbList\",\"@id\":\"https:\/\/www.consumerdirectva.com\/training-schedule\/#breadcrumb\",\"itemListElement\":[{\"@type\":\"ListItem\",\"position\":1,\"name\":\"Home\",\"item\":\"https:\/\/www.consumerdirectva.com\/\"},{\"@type\":\"ListItem\",\"position\":2,\"name\":\"Training Schedule\"}]},{\"@type\":\"WebSite\",\"@id\":\"https:\/\/www.consumerdirectva.com\/#website\",\"url\":\"https:\/\/www.consumerdirectva.com\/\",\"name\":\"Virginia - Consumer Direct Care\",\"description\":\"\",\"publisher\":{\"@id\":\"https:\/\/www.consumerdirectva.com\/#organization\"},\"potentialAction\":[{\"@type\":\"SearchAction\",\"target\":{\"@type\":\"EntryPoint\",\"urlTemplate\":\"https:\/\/www.consumerdirectva.com\/?s={search_term_string}\"},\"query-input\":{\"@type\":\"PropertyValueSpecification\",\"valueRequired\":true,\"valueName\":\"search_term_string\"}}],\"inLanguage\":\"es\"},{\"@type\":\"Organization\",\"@id\":\"https:\/\/www.consumerdirectva.com\/#organization\",\"name\":\"Virginia - Consumer Direct Care\",\"url\":\"https:\/\/www.consumerdirectva.com\/\",\"logo\":{\"@type\":\"ImageObject\",\"inLanguage\":\"es\",\"@id\":\"https:\/\/www.consumerdirectva.com\/#\/schema\/logo\/image\/\",\"url\":\"https:\/\/www.consumerdirectva.com\/wp-content\/uploads\/sites\/16\/2025\/07\/VA-header-logo.png\",\"contentUrl\":\"https:\/\/www.consumerdirectva.com\/wp-content\/uploads\/sites\/16\/2025\/07\/VA-header-logo.png\",\"width\":159,\"height\":48,\"caption\":\"Virginia - Consumer Direct Care\"},\"image\":{\"@id\":\"https:\/\/www.consumerdirectva.com\/#\/schema\/logo\/image\/\"}}]}<\/script>\n<!-- \/ Yoast SEO plugin. -->","yoast_head_json":{"title":"Calendario de formaci\u00f3n - Virginia - Consumer Direct Care","robots":{"index":"index","follow":"follow","max-snippet":"max-snippet:-1","max-image-preview":"max-image-preview:large","max-video-preview":"max-video-preview:-1"},"canonical":"https:\/\/www.consumerdirectva.com\/es\/training-schedule\/","og_locale":"es_ES","og_type":"article","og_title":"Training Schedule - Virginia - Consumer Direct Care","og_description":"VIRTUAL TRAINING OPPORTUNITIES Consumer Direct Care Network Virginia (CDVA) offers virtual training from your home or office designed for your role and needs. Expand each training opportunity to find overviews, recommended attendees, links to the training center, and upcoming dates. UPCOMING TRAINING SCHEDULE DirectMyCare Web Portal Virtual Training Service Facilitator Web Portal Training December 30th, [&hellip;]","og_url":"https:\/\/www.consumerdirectva.com\/es\/training-schedule\/","og_site_name":"Virginia - Consumer Direct Care","article_modified_time":"2026-01-26T19:58:01+00:00","twitter_card":"summary_large_image","twitter_misc":{"Tiempo de lectura":"2 minutos"},"schema":{"@context":"https:\/\/schema.org","@graph":[{"@type":"WebPage","@id":"https:\/\/www.consumerdirectva.com\/training-schedule\/","url":"https:\/\/www.consumerdirectva.com\/training-schedule\/","name":"Calendario de formaci\u00f3n - Virginia - Consumer Direct Care","isPartOf":{"@id":"https:\/\/www.consumerdirectva.com\/#website"},"datePublished":"2025-11-04T05:21:58+00:00","dateModified":"2026-01-26T19:58:01+00:00","breadcrumb":{"@id":"https:\/\/www.consumerdirectva.com\/training-schedule\/#breadcrumb"},"inLanguage":"es","potentialAction":[{"@type":"ReadAction","target":["https:\/\/www.consumerdirectva.com\/training-schedule\/"]}]},{"@type":"BreadcrumbList","@id":"https:\/\/www.consumerdirectva.com\/training-schedule\/#breadcrumb","itemListElement":[{"@type":"ListItem","position":1,"name":"Home","item":"https:\/\/www.consumerdirectva.com\/"},{"@type":"ListItem","position":2,"name":"Training Schedule"}]},{"@type":"WebSite","@id":"https:\/\/www.consumerdirectva.com\/#website","url":"https:\/\/www.consumerdirectva.com\/","name":"Virginia - Atenci\u00f3n directa al consumidor","description":"","publisher":{"@id":"https:\/\/www.consumerdirectva.com\/#organization"},"potentialAction":[{"@type":"SearchAction","target":{"@type":"EntryPoint","urlTemplate":"https:\/\/www.consumerdirectva.com\/?s={search_term_string}"},"query-input":{"@type":"PropertyValueSpecification","valueRequired":true,"valueName":"search_term_string"}}],"inLanguage":"es"},{"@type":"Organization","@id":"https:\/\/www.consumerdirectva.com\/#organization","name":"Virginia - Atenci\u00f3n directa al consumidor","url":"https:\/\/www.consumerdirectva.com\/","logo":{"@type":"ImageObject","inLanguage":"es","@id":"https:\/\/www.consumerdirectva.com\/#\/schema\/logo\/image\/","url":"https:\/\/www.consumerdirectva.com\/wp-content\/uploads\/sites\/16\/2025\/07\/VA-header-logo.png","contentUrl":"https:\/\/www.consumerdirectva.com\/wp-content\/uploads\/sites\/16\/2025\/07\/VA-header-logo.png","width":159,"height":48,"caption":"Virginia - Consumer Direct Care"},"image":{"@id":"https:\/\/www.consumerdirectva.com\/#\/schema\/logo\/image\/"}}]}},"_links":{"self":[{"href":"https:\/\/www.consumerdirectva.com\/es\/wp-json\/wp\/v2\/pages\/3662","targetHints":{"allow":["GET"]}}],"collection":[{"href":"https:\/\/www.consumerdirectva.com\/es\/wp-json\/wp\/v2\/pages"}],"about":[{"href":"https:\/\/www.consumerdirectva.com\/es\/wp-json\/wp\/v2\/types\/page"}],"author":[{"embeddable":true,"href":"https:\/\/www.consumerdirectva.com\/es\/wp-json\/wp\/v2\/users\/9"}],"replies":[{"embeddable":true,"href":"https:\/\/www.consumerdirectva.com\/es\/wp-json\/wp\/v2\/comments?post=3662"}],"version-history":[{"count":65,"href":"https:\/\/www.consumerdirectva.com\/es\/wp-json\/wp\/v2\/pages\/3662\/revisions"}],"predecessor-version":[{"id":4097,"href":"https:\/\/www.consumerdirectva.com\/es\/wp-json\/wp\/v2\/pages\/3662\/revisions\/4097"}],"wp:attachment":[{"href":"https:\/\/www.consumerdirectva.com\/es\/wp-json\/wp\/v2\/media?parent=3662"}],"curies":[{"name":"wp","href":"https:\/\/api.w.org\/{rel}","templated":true}]}}