{"id":3662,"date":"2025-11-04T05:21:58","date_gmt":"2025-11-04T05:21:58","guid":{"rendered":"https:\/\/staging-prod-va.cdcndevelopment.com\/?page_id=3662"},"modified":"2026-01-26T19:58:01","modified_gmt":"2026-01-26T19:58:01","slug":"training-schedule","status":"publish","type":"page","link":"https:\/\/www.consumerdirectva.com\/vi\/training-schedule\/","title":{"rendered":"L\u1ecbch tr\u00ecnh \u0111\u00e0o t\u1ea1o"},"content":{"rendered":"<div data-elementor-type=\"wp-page\" data-elementor-id=\"3662\" class=\"elementor elementor-3662\" data-elementor-post-type=\"page\">\n\t\t\t\t<div class=\"elementor-element elementor-element-920621e e-con-full e-flex e-con e-parent\" data-id=\"920621e\" data-element_type=\"container\" data-settings=\"{&quot;background_background&quot;:&quot;classic&quot;}\">\n\t\t<div class=\"elementor-element elementor-element-a3d58ef e-con-full elementor-hidden-mobile e-flex e-con e-child\" data-id=\"a3d58ef\" data-element_type=\"container\" data-settings=\"{&quot;background_background&quot;:&quot;classic&quot;}\">\n\t\t\t\t<div class=\"elementor-element elementor-element-0e371a7 elementor-widget__width-initial elementor-widget elementor-widget-heading\" data-id=\"0e371a7\" data-element_type=\"widget\" data-widget_type=\"heading.default\">\n\t\t\t\t<div class=\"elementor-widget-container\">\n\t\t\t\t\t<h1 class=\"elementor-heading-title elementor-size-default\"><mark>L\u1ecbch tr\u00ecnh \u0111\u00e0o t\u1ea1o<\/mark><\/h1>\t\t\t\t<\/div>\n\t\t\t\t<\/div>\n\t\t\t\t<\/div>\n\t\t<div class=\"elementor-element elementor-element-242d3d1 elementor-hidden-desktop elementor-hidden-tablet e-flex e-con-boxed e-con e-child\" data-id=\"242d3d1\" data-element_type=\"container\">\n\t\t\t\t\t<div class=\"e-con-inner\">\n\t\t\t\t<div class=\"elementor-element elementor-element-a1081d1 elementor-widget__width-initial elementor-widget elementor-widget-heading\" data-id=\"a1081d1\" data-element_type=\"widget\" data-widget_type=\"heading.default\">\n\t\t\t\t<div class=\"elementor-widget-container\">\n\t\t\t\t\t<h1 class=\"elementor-heading-title elementor-size-default\"><mark>L\u1ecbch tr\u00ecnh \u0111\u00e0o t\u1ea1o<\/mark><\/h1>\t\t\t\t<\/div>\n\t\t\t\t<\/div>\n\t\t\t\t<div class=\"elementor-element elementor-element-e9369ed elementor-widget-mobile__width-inherit elementor-widget elementor-widget-image\" data-id=\"e9369ed\" data-element_type=\"widget\" data-widget_type=\"image.default\">\n\t\t\t\t<div class=\"elementor-widget-container\">\n\t\t\t\t\t\t\t\t\t\t\t\t\t\t\t<img decoding=\"async\" src=\"https:\/\/www.consumerdirectva.com\/wp-content\/uploads\/sites\/16\/2025\/09\/Leave-A-Review-Banner-Mobile.png\" title=\"\" alt=\"\" loading=\"lazy\" \/>\t\t\t\t\t\t\t\t\t\t\t\t\t\t\t<\/div>\n\t\t\t\t<\/div>\n\t\t\t\t\t<\/div>\n\t\t\t\t<\/div>\n\t\t\t\t<\/div>\n\t\t<div class=\"elementor-element elementor-element-12ea375 e-flex e-con-boxed e-con e-parent\" data-id=\"12ea375\" data-element_type=\"container\" data-settings=\"{&quot;background_background&quot;:&quot;classic&quot;}\">\n\t\t\t\t\t<div class=\"e-con-inner\">\n\t\t\t\t<div class=\"elementor-element elementor-element-5e5667b elementor-widget elementor-widget-heading\" data-id=\"5e5667b\" data-element_type=\"widget\" data-widget_type=\"heading.default\">\n\t\t\t\t<div class=\"elementor-widget-container\">\n\t\t\t\t\t<h4 class=\"elementor-heading-title elementor-size-default\">C\u01a0 H\u1ed8I \u0110\u00c0O T\u1ea0O TR\u1ef0C TUY\u1ebeN<\/h4>\t\t\t\t<\/div>\n\t\t\t\t<\/div>\n\t\t\t\t<div class=\"elementor-element elementor-element-cc19517 elementor-widget elementor-widget-heading\" data-id=\"cc19517\" data-element_type=\"widget\" data-widget_type=\"heading.default\">\n\t\t\t\t<div class=\"elementor-widget-container\">\n\t\t\t\t\t<p class=\"elementor-heading-title elementor-size-default\">M\u1ea1ng l\u01b0\u1edbi Ch\u0103m s\u00f3c Tr\u1ef1c ti\u1ebfp cho Ng\u01b0\u1eddi ti\u00eau d\u00f9ng Virginia (CDVA) cung c\u1ea5p c\u00e1c kh\u00f3a \u0111\u00e0o t\u1ea1o tr\u1ef1c tuy\u1ebfn t\u1eeb nh\u00e0 ho\u1eb7c v\u0103n ph\u00f2ng c\u1ee7a b\u1ea1n, \u0111\u01b0\u1ee3c thi\u1ebft k\u1ebf ph\u00f9 h\u1ee3p v\u1edbi vai tr\u00f2 v\u00e0 nhu c\u1ea7u c\u1ee7a b\u1ea1n. M\u1edf r\u1ed9ng t\u1eebng c\u01a1 h\u1ed9i \u0111\u00e0o t\u1ea1o \u0111\u1ec3 xem t\u1ed5ng quan, \u0111\u1ed1i t\u01b0\u1ee3ng tham gia khuy\u1ebfn ngh\u1ecb, li\u00ean k\u1ebft \u0111\u1ebfn trung t\u00e2m \u0111\u00e0o t\u1ea1o v\u00e0 c\u00e1c ng\u00e0y t\u1ed5 ch\u1ee9c s\u1eafp t\u1edbi.<\/p>\t\t\t\t<\/div>\n\t\t\t\t<\/div>\n\t\t\t\t<div class=\"elementor-element elementor-element-abd6f5d elementor-widget elementor-widget-heading\" data-id=\"abd6f5d\" data-element_type=\"widget\" data-widget_type=\"heading.default\">\n\t\t\t\t<div class=\"elementor-widget-container\">\n\t\t\t\t\t<h6 class=\"elementor-heading-title elementor-size-default\">L\u1ecaCH TR\u00ccNH \u0110\u00c0O T\u1ea0O S\u1eaeP T\u1edaI<\/h6>\t\t\t\t<\/div>\n\t\t\t\t<\/div>\n\t\t\t\t<div class=\"elementor-element elementor-element-cbc4501 dark-accordion elementor-widget elementor-widget-n-accordion\" data-id=\"cbc4501\" data-element_type=\"widget\" data-settings=\"{&quot;default_state&quot;:&quot;all_collapsed&quot;,&quot;max_items_expended&quot;:&quot;one&quot;,&quot;n_accordion_animation_duration&quot;:{&quot;unit&quot;:&quot;ms&quot;,&quot;size&quot;:400,&quot;sizes&quot;:[]}}\" data-widget_type=\"nested-accordion.default\">\n\t\t\t\t<div class=\"elementor-widget-container\">\n\t\t\t\t\t\t\t<div class=\"e-n-accordion\" aria-label=\"Accordion. M\u1edf li\u00ean k\u1ebft b\u1eb1ng ph\u00edm Enter ho\u1eb7c ph\u00edm c\u00e1ch, \u0111\u00f3ng b\u1eb1ng ph\u00edm Escape v\u00e0 \u0111i\u1ec1u h\u01b0\u1edbng b\u1eb1ng ph\u00edm m\u0169i t\u00ean\">\n\t\t\t\t\t\t<details id=\"e-n-accordion-item-2130\" class=\"e-n-accordion-item\" >\n\t\t\t\t<summary class=\"e-n-accordion-item-title\" data-accordion-index=\"1\" tabindex=\"0\" aria-expanded=\"false\" aria-controls=\"e-n-accordion-item-2130\" >\n\t\t\t\t\t<span class='e-n-accordion-item-title-header'><div class=\"e-n-accordion-item-title-text\"> C\u1ed5ng th\u00f4ng tin tr\u1ef1c tuy\u1ebfn DirectMyCare - \u0110\u00e0o t\u1ea1o tr\u1ef1c tuy\u1ebfn <\/div><\/span>\n\t\t\t\t\t\t\t<span class='e-n-accordion-item-title-icon'>\n\t\t\t<span class='e-opened' ><svg xmlns=\"http:\/\/www.w3.org\/2000\/svg\" width=\"48\" height=\"48\" viewbox=\"0 0 48 48\" fill=\"none\"><circle cx=\"24\" cy=\"24\" r=\"24\" fill=\"white\"><\/circle><path fill-rule=\"evenodd\" clip-rule=\"evenodd\" d=\"M33.5282 24.0156C33.5282 24.4989 33.1364 24.8906 32.6532 24.8906L15.3741 24.8906C14.8908 24.8906 14.4991 24.4989 14.4991 24.0156C14.4991 23.5324 14.8908 23.1406 15.3741 23.1406L32.6532 23.1406C33.1364 23.1406 33.5282 23.5324 33.5282 24.0156Z\" fill=\"#003764\"><\/path><\/svg><\/span>\n\t\t\t<span class='e-closed'><svg xmlns=\"http:\/\/www.w3.org\/2000\/svg\" width=\"48\" height=\"48\" viewbox=\"0 0 48 48\" fill=\"none\"><circle cx=\"24\" cy=\"24\" r=\"24\" fill=\"white\"><\/circle><path fill-rule=\"evenodd\" clip-rule=\"evenodd\" d=\"M24.8614 15.3448C24.8614 14.8616 24.4696 14.4698 23.9864 14.4698C23.5031 14.4698 23.1114 14.8616 23.1114 15.3448L23.1114 23.1093L15.3469 23.1093C14.8637 23.1093 14.4719 23.501 14.4719 23.9843C14.4719 24.4675 14.8637 24.8593 15.3469 24.8593L23.1114 24.8593L23.1114 32.6239C23.1114 33.1072 23.5031 33.4989 23.9864 33.4989C24.4696 33.4989 24.8614 33.1072 24.8614 32.6239L24.8614 24.8593L32.626 24.8593C33.1093 24.8593 33.501 24.4675 33.501 23.9843C33.501 23.501 33.1093 23.1093 32.626 23.1093L24.8614 23.1093L24.8614 15.3448Z\" fill=\"#003764\"><\/path><\/svg><\/span>\n\t\t<\/span>\n\n\t\t\t\t\t\t<\/summary>\n\t\t\t\t<div role=\"region\" aria-labelledby=\"e-n-accordion-item-2130\" class=\"elementor-element elementor-element-19715b1 e-con-full e-flex e-con e-child\" data-id=\"19715b1\" data-element_type=\"container\">\n\t\t<div role=\"region\" aria-labelledby=\"e-n-accordion-item-2130\" class=\"elementor-element elementor-element-b7f7b9b accordion-content e-flex e-con-boxed e-con e-child\" data-id=\"b7f7b9b\" data-element_type=\"container\">\n\t\t\t\t\t<div class=\"e-con-inner\">\n\t\t\t\t<div class=\"elementor-element elementor-element-1e88057 elementor-widget elementor-widget-text-editor\" data-id=\"1e88057\" data-element_type=\"widget\" data-widget_type=\"text-editor.default\">\n\t\t\t\t<div class=\"elementor-widget-container\">\n\t\t\t\t\t\t\t\t\t<p>\u0110\u00e0o t\u1ea1o C\u1ed5ng th\u00f4ng tin tr\u1ef1c tuy\u1ebfn cho Nh\u00e2n vi\u00ean h\u1ed7 tr\u1ee3 d\u1ecbch v\u1ee5 v\u00e0o c\u00e1c ng\u00e0y 30 th\u00e1ng 12, 5 th\u00e1ng 1 v\u00e0 12 th\u00e1ng 1 l\u00fac 10 gi\u1edd s\u00e1ng.\u00a0<\/p><div><span dir=\"ltr\"><strong>\u0110\u00e0o t\u1ea1o C\u1ed5ng th\u00f4ng tin tr\u1ef1c tuy\u1ebfn cho Nh\u00e2n vi\u00ean h\u1ed7 tr\u1ee3 d\u1ecbch v\u1ee5<\/strong><\/span><\/div><div dir=\"ltr\">Ng\u00e0y 30 th\u00e1ng 12 l\u00fac 10 gi\u1edd s\u00e1ng<\/div><div dir=\"ltr\"><div dir=\"ltr\"><span dir=\"ltr\"><strong dir=\"ltr\">Microsoft Teams<\/strong><\/span>\u00a0<a dir=\"ltr\" title=\"https:\/\/aka.ms\/jointeamsmeeting?omkt=en-us\" href=\"https:\/\/aka.ms\/JoinTeamsMeeting?omkt=en-US\" target=\"_blank\" rel=\"noopener noreferrer\"><span dir=\"ltr\">C\u1ea7n gi\u00fap \u0111\u1ee1?<\/span><\/a><\/div><div dir=\"ltr\"><a dir=\"ltr\" title=\"https:\/\/teams.microsoft.com\/l\/meetup-join\/19%3ameeting_njm3mwzjztitmzrlns00ywq3ltk4mtmtmwrmngq3mzuwy2ri%40thread.v2\/0?context=%7b%22tid%22%3a%22922204d6-a4c0-4f46-b43d-21348c1bdc3b%22%2c%22oid%22%3a%229b1872da-8cce-4100-8108-17dc52aa9488%22%7d\" href=\"https:\/\/teams.microsoft.com\/l\/meetup-join\/19:meeting_NjM3MWZjZTItMzRlNS00YWQ3LTk4MTMtMWRmNGQ3MzUwY2Ri%40thread.v2\/0?context=%7b%22Tid%22:%22922204d6-a4c0-4f46-b43d-21348c1bdc3b%22%2c%22Oid%22:%229b1872da-8cce-4100-8108-17dc52aa9488%22%7d\" target=\"_blank\" rel=\"noopener noreferrer\"><span dir=\"ltr\"><strong dir=\"ltr\">Tham gia cu\u1ed9c h\u1ecdp ngay b\u00e2y gi\u1edd<\/strong><\/span><\/a><\/div><div dir=\"ltr\"><span dir=\"ltr\">ID cu\u1ed9c h\u1ecdp: 224 426 269 312 83<\/span><\/div><div dir=\"ltr\"><span dir=\"ltr\">M\u1eadt kh\u1ea9u: eU2G977V<\/span>\u00a0<\/div><\/div><div dir=\"ltr\">\u00a0<\/div><div><span dir=\"ltr\"><strong>\u0110\u00e0o t\u1ea1o C\u1ed5ng th\u00f4ng tin tr\u1ef1c tuy\u1ebfn cho Nh\u00e2n vi\u00ean h\u1ed7 tr\u1ee3 d\u1ecbch v\u1ee5<\/strong><\/span><\/div><div dir=\"ltr\">Ng\u00e0y 5 th\u00e1ng 1 l\u00fac 10 gi\u1edd s\u00e1ng.<\/div><div dir=\"ltr\"><div dir=\"ltr\"><span dir=\"ltr\"><strong dir=\"ltr\">Microsoft Teams<\/strong><\/span>\u00a0<a dir=\"ltr\" title=\"https:\/\/aka.ms\/jointeamsmeeting?omkt=en-us\" href=\"https:\/\/aka.ms\/JoinTeamsMeeting?omkt=en-US\" target=\"_blank\" rel=\"noopener noreferrer\"><span dir=\"ltr\">C\u1ea7n gi\u00fap \u0111\u1ee1?<\/span><\/a><\/div><div dir=\"ltr\"><a dir=\"ltr\" title=\"https:\/\/teams.microsoft.com\/l\/meetup-join\/19%3ameeting_njm3mwzjztitmzrlns00ywq3ltk4mtmtmwrmngq3mzuwy2ri%40thread.v2\/0?context=%7b%22tid%22%3a%22922204d6-a4c0-4f46-b43d-21348c1bdc3b%22%2c%22oid%22%3a%229b1872da-8cce-4100-8108-17dc52aa9488%22%7d\" href=\"https:\/\/teams.microsoft.com\/l\/meetup-join\/19:meeting_NjM3MWZjZTItMzRlNS00YWQ3LTk4MTMtMWRmNGQ3MzUwY2Ri%40thread.v2\/0?context=%7b%22Tid%22:%22922204d6-a4c0-4f46-b43d-21348c1bdc3b%22%2c%22Oid%22:%229b1872da-8cce-4100-8108-17dc52aa9488%22%7d\" target=\"_blank\" rel=\"noopener noreferrer\"><span dir=\"ltr\"><strong dir=\"ltr\">Tham gia cu\u1ed9c h\u1ecdp ngay b\u00e2y gi\u1edd<\/strong><\/span><\/a><\/div><div dir=\"ltr\"><span dir=\"ltr\">ID cu\u1ed9c h\u1ecdp: 224 426 269 312 83<\/span><\/div><div dir=\"ltr\"><span dir=\"ltr\">M\u1eadt kh\u1ea9u: eU2G977V<\/span>\u00a0<\/div><\/div><div dir=\"ltr\">\u00a0<\/div><div><span dir=\"ltr\"><strong>\u0110\u00e0o t\u1ea1o C\u1ed5ng th\u00f4ng tin tr\u1ef1c tuy\u1ebfn cho Nh\u00e2n vi\u00ean h\u1ed7 tr\u1ee3 d\u1ecbch v\u1ee5<\/strong><\/span><\/div><div dir=\"ltr\">Ng\u00e0y 12 th\u00e1ng 1 l\u00fac 10 gi\u1edd s\u00e1ng.<\/div><div><div dir=\"ltr\"><span dir=\"ltr\"><strong dir=\"ltr\">Microsoft Teams<\/strong><\/span>\u00a0<a dir=\"ltr\" title=\"https:\/\/aka.ms\/jointeamsmeeting?omkt=en-us\" href=\"https:\/\/aka.ms\/JoinTeamsMeeting?omkt=en-US\" target=\"_blank\" rel=\"noopener noreferrer\"><span dir=\"ltr\">C\u1ea7n gi\u00fap \u0111\u1ee1?<\/span><\/a><\/div><div dir=\"ltr\"><a dir=\"ltr\" title=\"https:\/\/teams.microsoft.com\/l\/meetup-join\/19%3ameeting_njm3mwzjztitmzrlns00ywq3ltk4mtmtmwrmngq3mzuwy2ri%40thread.v2\/0?context=%7b%22tid%22%3a%22922204d6-a4c0-4f46-b43d-21348c1bdc3b%22%2c%22oid%22%3a%229b1872da-8cce-4100-8108-17dc52aa9488%22%7d\" href=\"https:\/\/teams.microsoft.com\/l\/meetup-join\/19:meeting_NjM3MWZjZTItMzRlNS00YWQ3LTk4MTMtMWRmNGQ3MzUwY2Ri%40thread.v2\/0?context=%7b%22Tid%22:%22922204d6-a4c0-4f46-b43d-21348c1bdc3b%22%2c%22Oid%22:%229b1872da-8cce-4100-8108-17dc52aa9488%22%7d\" target=\"_blank\" rel=\"noopener noreferrer\"><span dir=\"ltr\"><strong dir=\"ltr\">Tham gia cu\u1ed9c h\u1ecdp ngay b\u00e2y gi\u1edd<\/strong><\/span><\/a><\/div><div dir=\"ltr\"><span dir=\"ltr\">ID cu\u1ed9c h\u1ecdp: 224 426 269 312 83<\/span><\/div><div dir=\"ltr\"><span dir=\"ltr\">M\u1eadt kh\u1ea9u: eU2G977V<\/span><\/div><div dir=\"ltr\">\u00a0<\/div><div dir=\"ltr\"><div><strong>\u0110\u00e0o t\u1ea1o C\u1ed5ng th\u00f4ng tin tr\u1ef1c tuy\u1ebfn DirectMyCare<\/strong><\/div><div>Ng\u00e0y 20 th\u00e1ng 1 n\u0103m 2026<\/div><div>10 gi\u1edd s\u00e1ng<\/div><div><strong>Microsoft Teams<\/strong>\u00a0<a href=\"https:\/\/aka.ms\/JoinTeamsMeeting?omkt=en-US\" target=\"_blank\" rel=\"noopener noreferrer\">C\u1ea7n gi\u00fap \u0111\u1ee1?<\/a>\u00a0<\/div><div><a title=\"Li\u00ean k\u1ebft tham gia cu\u1ed9c h\u1ecdp\" href=\"https:\/\/teams.microsoft.com\/l\/meetup-join\/19%3ameeting_ZGU0YmYwOTItMzZmYy00NGQ5LTgwNDgtODNiMGQ3NjJjNWQy%40thread.v2\/0?context=%7b%22Tid%22%3a%22922204d6-a4c0-4f46-b43d-21348c1bdc3b%22%2c%22Oid%22%3a%229b1872da-8cce-4100-8108-17dc52aa9488%22%7d\" target=\"_blank\" rel=\"noopener noreferrer\"><strong>Tham gia cu\u1ed9c h\u1ecdp ngay b\u00e2y gi\u1edd<\/strong><\/a>\u00a0<\/div><div>ID cu\u1ed9c h\u1ecdp: 248 703 149 596 85\u00a0<\/div><div>M\u1eadt kh\u1ea9u: zN2ku3Hg\u00a0<\/div><div>\u00a0<\/div><div><strong>M\u00e0n h\u00ecnh tr\u1ea1ng th\u00e1i g\u00f3i tin - \u0110\u00e0o t\u1ea1o<\/strong><\/div><div>Ng\u00e0y 26 th\u00e1ng 1<sup>th<\/sup>, Th\u00e1ng Hai 2<sup>nd<\/sup>Ng\u00e0y 9 th\u00e1ng 2<sup>th<\/sup><\/div><div>10 gi\u1edd s\u00e1ng<\/div><div><strong>Microsoft Teams<\/strong>\u00a0<a href=\"https:\/\/aka.ms\/JoinTeamsMeeting?omkt=en-US\" target=\"_blank\" rel=\"noopener noreferrer\">C\u1ea7n gi\u00fap \u0111\u1ee1?<\/a>\u00a0<\/div><div><a title=\"Li\u00ean k\u1ebft tham gia cu\u1ed9c h\u1ecdp\" href=\"https:\/\/teams.microsoft.com\/l\/meetup-join\/19%3ameeting_NzQxOTliNjktYjA2MS00MzJiLTg2ZjYtNTdmNDQwY2UwZmZi%40thread.v2\/0?context=%7b%22Tid%22%3a%22922204d6-a4c0-4f46-b43d-21348c1bdc3b%22%2c%22Oid%22%3a%229b1872da-8cce-4100-8108-17dc52aa9488%22%7d\" target=\"_blank\" rel=\"noopener noreferrer\"><strong>Tham gia cu\u1ed9c h\u1ecdp ngay b\u00e2y gi\u1edd<\/strong><\/a>\u00a0<\/div><div>ID cu\u1ed9c h\u1ecdp: 220 998 467 432 59\u00a0<\/div><div>M\u1eadt kh\u1ea9u: AT7a2xh7\u00a0<\/div><\/div><\/div>\t\t\t\t\t\t\t\t<\/div>\n\t\t\t\t<\/div>\n\t\t\t\t\t<\/div>\n\t\t\t\t<\/div>\n\t\t\t\t<\/div>\n\t\t\t\t\t<\/details>\n\t\t\t\t\t\t<details id=\"e-n-accordion-item-2131\" class=\"e-n-accordion-item\" >\n\t\t\t\t<summary class=\"e-n-accordion-item-title\" data-accordion-index=\"2\" tabindex=\"-1\" aria-expanded=\"false\" aria-controls=\"e-n-accordion-item-2131\" >\n\t\t\t\t\t<span class='e-n-accordion-item-title-header'><div class=\"e-n-accordion-item-title-text\"> Ch\u00fang t\u00f4i s\u1ebd s\u1edbm c\u1eadp nh\u1eadt c\u00e1c s\u1ef1 ki\u1ec7n v\u00e0 kh\u00f3a \u0111\u00e0o t\u1ea1o m\u1edbi. <\/div><\/span>\n\t\t\t\t\t\t\t<span class='e-n-accordion-item-title-icon'>\n\t\t\t<span class='e-opened' ><svg xmlns=\"http:\/\/www.w3.org\/2000\/svg\" width=\"48\" height=\"48\" viewbox=\"0 0 48 48\" fill=\"none\"><circle cx=\"24\" cy=\"24\" r=\"24\" fill=\"white\"><\/circle><path fill-rule=\"evenodd\" clip-rule=\"evenodd\" d=\"M33.5282 24.0156C33.5282 24.4989 33.1364 24.8906 32.6532 24.8906L15.3741 24.8906C14.8908 24.8906 14.4991 24.4989 14.4991 24.0156C14.4991 23.5324 14.8908 23.1406 15.3741 23.1406L32.6532 23.1406C33.1364 23.1406 33.5282 23.5324 33.5282 24.0156Z\" fill=\"#003764\"><\/path><\/svg><\/span>\n\t\t\t<span class='e-closed'><svg xmlns=\"http:\/\/www.w3.org\/2000\/svg\" width=\"48\" height=\"48\" viewbox=\"0 0 48 48\" fill=\"none\"><circle cx=\"24\" cy=\"24\" r=\"24\" fill=\"white\"><\/circle><path fill-rule=\"evenodd\" clip-rule=\"evenodd\" d=\"M24.8614 15.3448C24.8614 14.8616 24.4696 14.4698 23.9864 14.4698C23.5031 14.4698 23.1114 14.8616 23.1114 15.3448L23.1114 23.1093L15.3469 23.1093C14.8637 23.1093 14.4719 23.501 14.4719 23.9843C14.4719 24.4675 14.8637 24.8593 15.3469 24.8593L23.1114 24.8593L23.1114 32.6239C23.1114 33.1072 23.5031 33.4989 23.9864 33.4989C24.4696 33.4989 24.8614 33.1072 24.8614 32.6239L24.8614 24.8593L32.626 24.8593C33.1093 24.8593 33.501 24.4675 33.501 23.9843C33.501 23.501 33.1093 23.1093 32.626 23.1093L24.8614 23.1093L24.8614 15.3448Z\" fill=\"#003764\"><\/path><\/svg><\/span>\n\t\t<\/span>\n\n\t\t\t\t\t\t<\/summary>\n\t\t\t\t<div role=\"region\" aria-labelledby=\"e-n-accordion-item-2131\" class=\"elementor-element elementor-element-b403e76 e-con-full e-flex e-con e-child\" data-id=\"b403e76\" data-element_type=\"container\">\n\t\t<div role=\"region\" aria-labelledby=\"e-n-accordion-item-2131\" class=\"elementor-element elementor-element-38d88e2 accordion-content e-flex e-con-boxed e-con e-child\" data-id=\"38d88e2\" data-element_type=\"container\">\n\t\t\t\t\t<div class=\"e-con-inner\">\n\t\t\t\t<div class=\"elementor-element elementor-element-cbc7a9d elementor-widget elementor-widget-heading\" data-id=\"cbc7a9d\" data-element_type=\"widget\" data-widget_type=\"heading.default\">\n\t\t\t\t<div class=\"elementor-widget-container\">\n\t\t\t\t\t<h4 class=\"elementor-heading-title elementor-size-default\">H\u00e3y theo d\u00f5i!<\/h4>\t\t\t\t<\/div>\n\t\t\t\t<\/div>\n\t\t\t\t\t<\/div>\n\t\t\t\t<\/div>\n\t\t\t\t<\/div>\n\t\t\t\t\t<\/details>\n\t\t\t\t\t<\/div>\n\t\t\t\t\t\t<\/div>\n\t\t\t\t<\/div>\n\t\t\t\t\t<\/div>\n\t\t\t\t<\/div>\n\t\t\t\t<\/div>","protected":false},"excerpt":{"rendered":"<p>VIRTUAL TRAINING OPPORTUNITIES Consumer Direct Care Network Virginia (CDVA) offers virtual training from your home or office designed for your role and needs. Expand each training opportunity to find overviews, recommended attendees, links to the training center, and upcoming dates. UPCOMING TRAINING SCHEDULE DirectMyCare Web Portal Virtual Training Service Facilitator Web Portal Training December 30th, [&hellip;]<\/p>","protected":false},"author":9,"featured_media":0,"parent":0,"menu_order":0,"comment_status":"closed","ping_status":"closed","template":"","meta":{"_acf_changed":false,"footnotes":""},"class_list":["post-3662","page","type-page","status-publish","hentry"],"acf":[],"yoast_head":"<!-- This site is optimized with the Yoast SEO plugin v26.0 - https:\/\/yoast.com\/wordpress\/plugins\/seo\/ -->\n<title>Training Schedule - Virginia - Consumer Direct Care<\/title>\n<meta name=\"robots\" content=\"index, follow, max-snippet:-1, max-image-preview:large, max-video-preview:-1\" \/>\n<link rel=\"canonical\" href=\"https:\/\/www.consumerdirectva.com\/vi\/training-schedule\/\" \/>\n<meta property=\"og:locale\" content=\"vi_VN\" \/>\n<meta property=\"og:type\" content=\"article\" \/>\n<meta property=\"og:title\" content=\"Training Schedule - Virginia - Consumer Direct Care\" \/>\n<meta property=\"og:description\" content=\"VIRTUAL TRAINING OPPORTUNITIES Consumer Direct Care Network Virginia (CDVA) offers virtual training from your home or office designed for your role and needs. Expand each training opportunity to find overviews, recommended attendees, links to the training center, and upcoming dates. UPCOMING TRAINING SCHEDULE DirectMyCare Web Portal Virtual Training Service Facilitator Web Portal Training December 30th, [&hellip;]\" \/>\n<meta property=\"og:url\" content=\"https:\/\/www.consumerdirectva.com\/vi\/training-schedule\/\" \/>\n<meta property=\"og:site_name\" content=\"Virginia - Consumer Direct Care\" \/>\n<meta property=\"article:modified_time\" content=\"2026-01-26T19:58:01+00:00\" \/>\n<meta name=\"twitter:card\" content=\"summary_large_image\" \/>\n<meta name=\"twitter:label1\" content=\"\u01af\u1edbc t\u00ednh th\u1eddi gian \u0111\u1ecdc\" \/>\n\t<meta name=\"twitter:data1\" content=\"2 ph\u00fat\" \/>\n<script type=\"application\/ld+json\" class=\"yoast-schema-graph\">{\"@context\":\"https:\/\/schema.org\",\"@graph\":[{\"@type\":\"WebPage\",\"@id\":\"https:\/\/www.consumerdirectva.com\/training-schedule\/\",\"url\":\"https:\/\/www.consumerdirectva.com\/training-schedule\/\",\"name\":\"Training Schedule - Virginia - Consumer Direct Care\",\"isPartOf\":{\"@id\":\"https:\/\/www.consumerdirectva.com\/#website\"},\"datePublished\":\"2025-11-04T05:21:58+00:00\",\"dateModified\":\"2026-01-26T19:58:01+00:00\",\"breadcrumb\":{\"@id\":\"https:\/\/www.consumerdirectva.com\/training-schedule\/#breadcrumb\"},\"inLanguage\":\"vi\",\"potentialAction\":[{\"@type\":\"ReadAction\",\"target\":[\"https:\/\/www.consumerdirectva.com\/training-schedule\/\"]}]},{\"@type\":\"BreadcrumbList\",\"@id\":\"https:\/\/www.consumerdirectva.com\/training-schedule\/#breadcrumb\",\"itemListElement\":[{\"@type\":\"ListItem\",\"position\":1,\"name\":\"Home\",\"item\":\"https:\/\/www.consumerdirectva.com\/\"},{\"@type\":\"ListItem\",\"position\":2,\"name\":\"Training Schedule\"}]},{\"@type\":\"WebSite\",\"@id\":\"https:\/\/www.consumerdirectva.com\/#website\",\"url\":\"https:\/\/www.consumerdirectva.com\/\",\"name\":\"Virginia - Consumer Direct Care\",\"description\":\"\",\"publisher\":{\"@id\":\"https:\/\/www.consumerdirectva.com\/#organization\"},\"potentialAction\":[{\"@type\":\"SearchAction\",\"target\":{\"@type\":\"EntryPoint\",\"urlTemplate\":\"https:\/\/www.consumerdirectva.com\/?s={search_term_string}\"},\"query-input\":{\"@type\":\"PropertyValueSpecification\",\"valueRequired\":true,\"valueName\":\"search_term_string\"}}],\"inLanguage\":\"vi\"},{\"@type\":\"Organization\",\"@id\":\"https:\/\/www.consumerdirectva.com\/#organization\",\"name\":\"Virginia - Consumer Direct Care\",\"url\":\"https:\/\/www.consumerdirectva.com\/\",\"logo\":{\"@type\":\"ImageObject\",\"inLanguage\":\"vi\",\"@id\":\"https:\/\/www.consumerdirectva.com\/#\/schema\/logo\/image\/\",\"url\":\"https:\/\/www.consumerdirectva.com\/wp-content\/uploads\/sites\/16\/2025\/07\/VA-header-logo.png\",\"contentUrl\":\"https:\/\/www.consumerdirectva.com\/wp-content\/uploads\/sites\/16\/2025\/07\/VA-header-logo.png\",\"width\":159,\"height\":48,\"caption\":\"Virginia - Consumer Direct Care\"},\"image\":{\"@id\":\"https:\/\/www.consumerdirectva.com\/#\/schema\/logo\/image\/\"}}]}<\/script>\n<!-- \/ Yoast SEO plugin. -->","yoast_head_json":{"title":"Training Schedule - Virginia - Consumer Direct Care","robots":{"index":"index","follow":"follow","max-snippet":"max-snippet:-1","max-image-preview":"max-image-preview:large","max-video-preview":"max-video-preview:-1"},"canonical":"https:\/\/www.consumerdirectva.com\/vi\/training-schedule\/","og_locale":"vi_VN","og_type":"article","og_title":"Training Schedule - Virginia - Consumer Direct Care","og_description":"VIRTUAL TRAINING OPPORTUNITIES Consumer Direct Care Network Virginia (CDVA) offers virtual training from your home or office designed for your role and needs. Expand each training opportunity to find overviews, recommended attendees, links to the training center, and upcoming dates. UPCOMING TRAINING SCHEDULE DirectMyCare Web Portal Virtual Training Service Facilitator Web Portal Training December 30th, [&hellip;]","og_url":"https:\/\/www.consumerdirectva.com\/vi\/training-schedule\/","og_site_name":"Virginia - Consumer Direct Care","article_modified_time":"2026-01-26T19:58:01+00:00","twitter_card":"summary_large_image","twitter_misc":{"\u01af\u1edbc t\u00ednh th\u1eddi gian \u0111\u1ecdc":"2 ph\u00fat"},"schema":{"@context":"https:\/\/schema.org","@graph":[{"@type":"WebPage","@id":"https:\/\/www.consumerdirectva.com\/training-schedule\/","url":"https:\/\/www.consumerdirectva.com\/training-schedule\/","name":"Training Schedule - Virginia - Consumer Direct Care","isPartOf":{"@id":"https:\/\/www.consumerdirectva.com\/#website"},"datePublished":"2025-11-04T05:21:58+00:00","dateModified":"2026-01-26T19:58:01+00:00","breadcrumb":{"@id":"https:\/\/www.consumerdirectva.com\/training-schedule\/#breadcrumb"},"inLanguage":"vi","potentialAction":[{"@type":"ReadAction","target":["https:\/\/www.consumerdirectva.com\/training-schedule\/"]}]},{"@type":"BreadcrumbList","@id":"https:\/\/www.consumerdirectva.com\/training-schedule\/#breadcrumb","itemListElement":[{"@type":"ListItem","position":1,"name":"Home","item":"https:\/\/www.consumerdirectva.com\/"},{"@type":"ListItem","position":2,"name":"Training Schedule"}]},{"@type":"WebSite","@id":"https:\/\/www.consumerdirectva.com\/#website","url":"https:\/\/www.consumerdirectva.com\/","name":"Virginia - Ch\u0103m s\u00f3c tr\u1ef1c ti\u1ebfp cho ng\u01b0\u1eddi ti\u00eau d\u00f9ng","description":"","publisher":{"@id":"https:\/\/www.consumerdirectva.com\/#organization"},"potentialAction":[{"@type":"SearchAction","target":{"@type":"EntryPoint","urlTemplate":"https:\/\/www.consumerdirectva.com\/?s={search_term_string}"},"query-input":{"@type":"PropertyValueSpecification","valueRequired":true,"valueName":"search_term_string"}}],"inLanguage":"vi"},{"@type":"Organization","@id":"https:\/\/www.consumerdirectva.com\/#organization","name":"Virginia - Ch\u0103m s\u00f3c tr\u1ef1c ti\u1ebfp cho ng\u01b0\u1eddi ti\u00eau d\u00f9ng","url":"https:\/\/www.consumerdirectva.com\/","logo":{"@type":"ImageObject","inLanguage":"vi","@id":"https:\/\/www.consumerdirectva.com\/#\/schema\/logo\/image\/","url":"https:\/\/www.consumerdirectva.com\/wp-content\/uploads\/sites\/16\/2025\/07\/VA-header-logo.png","contentUrl":"https:\/\/www.consumerdirectva.com\/wp-content\/uploads\/sites\/16\/2025\/07\/VA-header-logo.png","width":159,"height":48,"caption":"Virginia - Consumer Direct Care"},"image":{"@id":"https:\/\/www.consumerdirectva.com\/#\/schema\/logo\/image\/"}}]}},"_links":{"self":[{"href":"https:\/\/www.consumerdirectva.com\/vi\/wp-json\/wp\/v2\/pages\/3662","targetHints":{"allow":["GET"]}}],"collection":[{"href":"https:\/\/www.consumerdirectva.com\/vi\/wp-json\/wp\/v2\/pages"}],"about":[{"href":"https:\/\/www.consumerdirectva.com\/vi\/wp-json\/wp\/v2\/types\/page"}],"author":[{"embeddable":true,"href":"https:\/\/www.consumerdirectva.com\/vi\/wp-json\/wp\/v2\/users\/9"}],"replies":[{"embeddable":true,"href":"https:\/\/www.consumerdirectva.com\/vi\/wp-json\/wp\/v2\/comments?post=3662"}],"version-history":[{"count":65,"href":"https:\/\/www.consumerdirectva.com\/vi\/wp-json\/wp\/v2\/pages\/3662\/revisions"}],"predecessor-version":[{"id":4097,"href":"https:\/\/www.consumerdirectva.com\/vi\/wp-json\/wp\/v2\/pages\/3662\/revisions\/4097"}],"wp:attachment":[{"href":"https:\/\/www.consumerdirectva.com\/vi\/wp-json\/wp\/v2\/media?parent=3662"}],"curies":[{"name":"wp","href":"https:\/\/api.w.org\/{rel}","templated":true}]}}